{"id":2163,"date":"2025-10-20T09:02:18","date_gmt":"2025-10-20T08:02:18","guid":{"rendered":"https:\/\/gaiseo.com\/blog\/"},"modified":"2026-01-08T17:14:56","modified_gmt":"2026-01-08T16:14:56","slug":"blog","status":"publish","type":"page","link":"https:\/\/gaiseo.com\/de\/blog\/","title":{"rendered":"Blog"},"content":{"rendered":"\t\t<div data-elementor-type=\"wp-page\" data-elementor-id=\"2163\" class=\"elementor elementor-2163 elementor-1525\" data-elementor-post-type=\"page\">\n\t\t\t\t<div class=\"elementor-element elementor-element-ab2ebec e-flex e-con-boxed e-con e-parent\" data-id=\"ab2ebec\" data-element_type=\"container\" data-e-type=\"container\" data-settings=\"{&quot;background_background&quot;:&quot;classic&quot;}\">\n\t\t\t\t\t<div class=\"e-con-inner\">\n\t\t\t\t<div class=\"elementor-element elementor-element-46f47fa elementor-widget elementor-widget-html\" data-id=\"46f47fa\" data-element_type=\"widget\" data-e-type=\"widget\" data-widget_type=\"html.default\">\n\t\t\t\t\t<!-- GAISEO BLOG HEADER -->\n\n<!-- 1. AI SEO: CollectionPage Schema -->\n<script type=\"application\/ld+json\">\n{\n  \"@context\": \"https:\/\/schema.org\",\n  \"@type\": \"CollectionPage\",\n  \"name\": \"GAISEO Insights\",\n  \"description\": \"At GAISEO, we explore how generative engines are redefining discovery, and are building the tool stack to help you win in AI search. Learn what drives visibility, why GEO matters, and how leading brands are adapting.\",\n  \"publisher\": {\n    \"@type\": \"Organization\",\n    \"name\": \"GAISEO\"\n  }\n}\n<\/script>\n\n<section class=\"gaiseo-section\" style=\"padding-bottom: 0px;\">\n  <div class=\"gaiseo-container\">\n    <div style=\"text-align: center; max-width: 900px; margin: 0 auto;\">\n      <div class=\"gaiseo-badge\">Insights &amp; News<\/div>\n      <h1 class=\"gaiseo-h1\">The <span class=\"gaiseo-h1-gradient\">AI Search<\/span> Playbook<\/h1>\n      <p class=\"gaiseo-body-large\">News, Guides und Analysen dar\u00fcber, wie LLMs Inhalte finden, bewerten und empfehlen. F\u00fcr Teams, die in ChatGPT, Gemini &amp; Co. sichtbar bleiben wollen. <\/p>\n    <\/div>\n  <\/div>\n<\/section>\t\t\t\t<\/div>\n\t\t\t\t\t<\/div>\n\t\t\t\t<\/div>\n\t\t<div class=\"elementor-element elementor-element-6df5127 e-flex e-con-boxed e-con e-parent\" data-id=\"6df5127\" data-element_type=\"container\" data-e-type=\"container\" data-settings=\"{&quot;background_background&quot;:&quot;classic&quot;}\">\n\t\t\t\t\t<div class=\"e-con-inner\">\n\t\t<div class=\"elementor-element elementor-element-69902a26 e-con-full e-flex e-con e-child\" data-id=\"69902a26\" data-element_type=\"container\" data-e-type=\"container\" data-settings=\"{&quot;background_background&quot;:&quot;classic&quot;}\">\n\t\t<div class=\"elementor-element elementor-element-4d4617b1 e-con-full e-flex e-con e-child\" data-id=\"4d4617b1\" data-element_type=\"container\" data-e-type=\"container\">\n\t\t\t\t<div class=\"elementor-element elementor-element-1b6e0f3 elementor-posts__hover-none elementor-grid-1 elementor-grid-tablet-2 elementor-grid-mobile-1 elementor-posts--thumbnail-top elementor-card-shadow-yes elementor-widget elementor-widget-posts\" data-id=\"1b6e0f3\" data-element_type=\"widget\" data-e-type=\"widget\" data-settings=\"{&quot;cards_row_gap&quot;:{&quot;unit&quot;:&quot;px&quot;,&quot;size&quot;:80,&quot;sizes&quot;:[]},&quot;cards_row_gap_tablet&quot;:{&quot;unit&quot;:&quot;px&quot;,&quot;size&quot;:71,&quot;sizes&quot;:[]},&quot;cards_row_gap_mobile&quot;:{&quot;unit&quot;:&quot;px&quot;,&quot;size&quot;:30,&quot;sizes&quot;:[]},&quot;cards_columns&quot;:&quot;1&quot;,&quot;cards_columns_tablet&quot;:&quot;2&quot;,&quot;cards_columns_mobile&quot;:&quot;1&quot;}\" data-widget_type=\"posts.cards\">\n\t\t\t\t<div class=\"elementor-widget-container\">\n\t\t\t\t\t\t\t<div class=\"elementor-posts-container elementor-posts elementor-posts--skin-cards elementor-grid\" role=\"list\">\n\t\t\t\t<article class=\"elementor-post elementor-grid-item post-5128 post type-post status-publish format-standard has-post-thumbnail hentry category-ai-seo-grundlagen\" role=\"listitem\">\n\t\t\t<div class=\"elementor-post__card\">\n\t\t\t\t<a class=\"elementor-post__thumbnail__link\" href=\"https:\/\/gaiseo.com\/de\/agentic-commerce-wie-gaiseo-ihre-marke-auf-ki-kaeufer-vorbereitet\/\" tabindex=\"-1\" ><div class=\"elementor-post__thumbnail\"><img fetchpriority=\"high\" decoding=\"async\" width=\"768\" height=\"432\" src=\"https:\/\/gaiseo.com\/wp-content\/uploads\/2025\/11\/agentic-commerce--768x432.png\" class=\"attachment-medium_large size-medium_large wp-image-5289\" alt=\"\" srcset=\"https:\/\/gaiseo.com\/wp-content\/uploads\/2025\/11\/agentic-commerce--768x432.png 768w, https:\/\/gaiseo.com\/wp-content\/uploads\/2025\/11\/agentic-commerce--300x169.png 300w, https:\/\/gaiseo.com\/wp-content\/uploads\/2025\/11\/agentic-commerce--1024x576.png 1024w, https:\/\/gaiseo.com\/wp-content\/uploads\/2025\/11\/agentic-commerce--1536x864.png 1536w, https:\/\/gaiseo.com\/wp-content\/uploads\/2025\/11\/agentic-commerce-.png 1820w\" sizes=\"(max-width: 768px) 100vw, 768px\" \/><\/div><\/a>\n\t\t\t\t<div class=\"elementor-post__text\">\n\t\t\t\t<\/div>\n\t\t\t\t\t<\/div>\n\t\t<\/article>\n\t\t\t\t<\/div>\n\t\t\n\t\t\t\t\t\t<\/div>\n\t\t\t\t<\/div>\n\t\t\t\t<div class=\"elementor-element elementor-element-67e78c2 elementor-posts__hover-none elementor-grid-1 elementor-posts--thumbnail-none elementor-grid-tablet-2 elementor-grid-mobile-1 elementor-widget elementor-widget-posts\" data-id=\"67e78c2\" data-element_type=\"widget\" data-e-type=\"widget\" data-settings=\"{&quot;cards_row_gap&quot;:{&quot;unit&quot;:&quot;px&quot;,&quot;size&quot;:80,&quot;sizes&quot;:[]},&quot;cards_row_gap_tablet&quot;:{&quot;unit&quot;:&quot;px&quot;,&quot;size&quot;:71,&quot;sizes&quot;:[]},&quot;cards_row_gap_mobile&quot;:{&quot;unit&quot;:&quot;px&quot;,&quot;size&quot;:30,&quot;sizes&quot;:[]},&quot;cards_columns&quot;:&quot;1&quot;,&quot;cards_columns_tablet&quot;:&quot;2&quot;,&quot;cards_columns_mobile&quot;:&quot;1&quot;}\" data-widget_type=\"posts.cards\">\n\t\t\t\t<div class=\"elementor-widget-container\">\n\t\t\t\t\t\t\t<div class=\"elementor-posts-container elementor-posts elementor-posts--skin-cards elementor-grid\" role=\"list\">\n\t\t\t\t<article class=\"elementor-post elementor-grid-item post-5128 post type-post status-publish format-standard has-post-thumbnail hentry category-ai-seo-grundlagen\" role=\"listitem\">\n\t\t\t<div class=\"elementor-post__card\">\n\t\t\t\t<div class=\"elementor-post__text\">\n\t\t\t\t<h4 class=\"elementor-post__title\">\n\t\t\t<a href=\"https:\/\/gaiseo.com\/de\/agentic-commerce-wie-gaiseo-ihre-marke-auf-ki-kaeufer-vorbereitet\/\" >\n\t\t\t\tAgentic Commerce: Wie GAISEO Ihre Marke auf KI-K\u00e4ufer vorbereitet\t\t\t<\/a>\n\t\t<\/h4>\n\t\t\t\t<\/div>\n\t\t\t\t\t<\/div>\n\t\t<\/article>\n\t\t\t\t<\/div>\n\t\t\n\t\t\t\t\t\t<\/div>\n\t\t\t\t<\/div>\n\t\t\t\t<div class=\"elementor-element elementor-element-20c75b5d elementor-widget-divider--view-line elementor-widget elementor-widget-divider\" data-id=\"20c75b5d\" data-element_type=\"widget\" data-e-type=\"widget\" data-widget_type=\"divider.default\">\n\t\t\t\t\t\t\t<div class=\"elementor-divider\">\n\t\t\t<span class=\"elementor-divider-separator\">\n\t\t\t\t\t\t<\/span>\n\t\t<\/div>\n\t\t\t\t\t\t<\/div>\n\t\t\t\t<\/div>\n\t\t<div class=\"elementor-element elementor-element-1f30533 e-con-full e-flex e-con e-child\" data-id=\"1f30533\" data-element_type=\"container\" data-e-type=\"container\">\n\t\t<div class=\"elementor-element elementor-element-31dd3c03 e-con-full e-flex e-con e-child\" data-id=\"31dd3c03\" data-element_type=\"container\" data-e-type=\"container\">\n\t\t\t\t<div class=\"elementor-element elementor-element-22257610 elementor-widget elementor-widget-author-box\" data-id=\"22257610\" data-element_type=\"widget\" data-e-type=\"widget\" data-widget_type=\"author-box.default\">\n\t\t\t\t\t\t\t<div class=\"elementor-author-box\">\n\t\t\t\t\t\t\t<div  class=\"elementor-author-box__avatar\">\n\t\t\t\t\t<img decoding=\"async\" src=\"https:\/\/gaiseo.com\/wp-content\/uploads\/2025\/12\/Cosima_Vogel_Foto-266x300.jpg\" alt=\"Bild von Cosima Vogel\" loading=\"lazy\">\n\t\t\t\t<\/div>\n\t\t\t\n\t\t\t<div class=\"elementor-author-box__text\">\n\t\t\t\t\t\t\t\t\t<div >\n\t\t\t\t\t\t<div class=\"elementor-author-box__name\">\n\t\t\t\t\t\t\tCosima Vogel\t\t\t\t\t\t<\/div>\n\t\t\t\t\t<\/div>\n\t\t\t\t\n\t\t\t\t\t\t\t\t\t<div class=\"elementor-author-box__bio\">\n\t\t\t\t\t\t<p>Founder &amp; CEO<\/p>\n\t\t\t\t\t<\/div>\n\t\t\t\t\n\t\t\t\t\t\t\t<\/div>\n\t\t<\/div>\n\t\t\t\t\t\t<\/div>\n\t\t\t\t<\/div>\n\t\t<div class=\"elementor-element elementor-element-415171a3 e-con-full e-flex e-con e-child\" data-id=\"415171a3\" data-element_type=\"container\" data-e-type=\"container\">\n\t\t\t\t<div class=\"elementor-element elementor-element-1b4580d elementor-posts__hover-none elementor-grid-1 elementor-posts--thumbnail-none elementor-posts--align-right elementor-grid-tablet-2 elementor-grid-mobile-1 elementor-widget elementor-widget-posts\" data-id=\"1b4580d\" data-element_type=\"widget\" data-e-type=\"widget\" data-settings=\"{&quot;cards_row_gap&quot;:{&quot;unit&quot;:&quot;px&quot;,&quot;size&quot;:0,&quot;sizes&quot;:[]},&quot;cards_row_gap_tablet&quot;:{&quot;unit&quot;:&quot;px&quot;,&quot;size&quot;:71,&quot;sizes&quot;:[]},&quot;cards_row_gap_mobile&quot;:{&quot;unit&quot;:&quot;px&quot;,&quot;size&quot;:30,&quot;sizes&quot;:[]},&quot;cards_columns&quot;:&quot;1&quot;,&quot;cards_columns_tablet&quot;:&quot;2&quot;,&quot;cards_columns_mobile&quot;:&quot;1&quot;}\" data-widget_type=\"posts.cards\">\n\t\t\t\t<div class=\"elementor-widget-container\">\n\t\t\t\t\t\t\t<div class=\"elementor-posts-container elementor-posts elementor-posts--skin-cards elementor-grid\" role=\"list\">\n\t\t\t\t<article class=\"elementor-post elementor-grid-item post-5128 post type-post status-publish format-standard has-post-thumbnail hentry category-ai-seo-grundlagen\" role=\"listitem\">\n\t\t\t<div class=\"elementor-post__card\">\n\t\t\t\t<div class=\"elementor-post__text\">\n\t\t\t\t<\/div>\n\t\t\t\t<div class=\"elementor-post__meta-data\">\n\t\t\t\t\t<span class=\"elementor-post-date\">\n\t\t\t31. Dezember 2025\t\t<\/span>\n\t\t\t\t<\/div>\n\t\t\t\t\t<\/div>\n\t\t<\/article>\n\t\t\t\t<\/div>\n\t\t\n\t\t\t\t\t\t<\/div>\n\t\t\t\t<\/div>\n\t\t\t\t<\/div>\n\t\t\t\t<\/div>\n\t\t\t\t<\/div>\n\t\t<div class=\"elementor-element elementor-element-24e8c1cb e-con-full e-flex e-con e-child\" data-id=\"24e8c1cb\" data-element_type=\"container\" data-e-type=\"container\">\n\t\t<div class=\"elementor-element elementor-element-2f207a0f e-con-full e-flex e-con e-child\" data-id=\"2f207a0f\" data-element_type=\"container\" data-e-type=\"container\">\n\t\t\t\t<div class=\"elementor-element elementor-element-918f2c2 elementor-posts__hover-none elementor-grid-3 elementor-grid-tablet-2 elementor-grid-mobile-1 elementor-posts--thumbnail-top elementor-card-shadow-yes load-more-align-center elementor-widget elementor-widget-posts\" data-id=\"918f2c2\" data-element_type=\"widget\" data-e-type=\"widget\" data-settings=\"{&quot;cards_row_gap&quot;:{&quot;unit&quot;:&quot;px&quot;,&quot;size&quot;:80,&quot;sizes&quot;:[]},&quot;cards_row_gap_tablet&quot;:{&quot;unit&quot;:&quot;px&quot;,&quot;size&quot;:71,&quot;sizes&quot;:[]},&quot;cards_row_gap_mobile&quot;:{&quot;unit&quot;:&quot;px&quot;,&quot;size&quot;:30,&quot;sizes&quot;:[]},&quot;pagination_type&quot;:&quot;load_more_on_click&quot;,&quot;cards_columns&quot;:&quot;3&quot;,&quot;cards_columns_tablet&quot;:&quot;2&quot;,&quot;cards_columns_mobile&quot;:&quot;1&quot;,&quot;load_more_spinner&quot;:{&quot;value&quot;:&quot;fas fa-spinner&quot;,&quot;library&quot;:&quot;fa-solid&quot;}}\" data-widget_type=\"posts.cards\">\n\t\t\t\t<div class=\"elementor-widget-container\">\n\t\t\t\t\t\t\t<div class=\"elementor-posts-container elementor-posts elementor-posts--skin-cards elementor-grid\" role=\"list\">\n\t\t\t\t<article class=\"elementor-post elementor-grid-item post-5128 post type-post status-publish format-standard has-post-thumbnail hentry category-ai-seo-grundlagen\" role=\"listitem\">\n\t\t\t<div class=\"elementor-post__card\">\n\t\t\t\t<a class=\"elementor-post__thumbnail__link\" href=\"https:\/\/gaiseo.com\/de\/agentic-commerce-wie-gaiseo-ihre-marke-auf-ki-kaeufer-vorbereitet\/\" tabindex=\"-1\" ><div class=\"elementor-post__thumbnail\"><img decoding=\"async\" width=\"1820\" height=\"1024\" src=\"https:\/\/gaiseo.com\/wp-content\/uploads\/2025\/11\/agentic-commerce-.png\" class=\"attachment-full size-full wp-image-5289\" alt=\"\" srcset=\"https:\/\/gaiseo.com\/wp-content\/uploads\/2025\/11\/agentic-commerce-.png 1820w, https:\/\/gaiseo.com\/wp-content\/uploads\/2025\/11\/agentic-commerce--300x169.png 300w, https:\/\/gaiseo.com\/wp-content\/uploads\/2025\/11\/agentic-commerce--1024x576.png 1024w, https:\/\/gaiseo.com\/wp-content\/uploads\/2025\/11\/agentic-commerce--768x432.png 768w, https:\/\/gaiseo.com\/wp-content\/uploads\/2025\/11\/agentic-commerce--1536x864.png 1536w\" sizes=\"(max-width: 1820px) 100vw, 1820px\" \/><\/div><\/a>\n\t\t\t\t<div class=\"elementor-post__text\">\n\t\t\t\t<h4 class=\"elementor-post__title\">\n\t\t\t<a href=\"https:\/\/gaiseo.com\/de\/agentic-commerce-wie-gaiseo-ihre-marke-auf-ki-kaeufer-vorbereitet\/\" >\n\t\t\t\tAgentic Commerce: Wie GAISEO Ihre Marke auf KI-K\u00e4ufer vorbereitet\t\t\t<\/a>\n\t\t<\/h4>\n\t\t\t\t<div class=\"elementor-post__excerpt\">\n\t\t\t<p>Agentic Commerce: Wie GAISEO Ihre Marke auf KI-K\u00e4ufer (Agentic Commerce) vorbereitet<\/p>\n\t\t<\/div>\n\t\t\t\t<\/div>\n\t\t\t\t<div class=\"elementor-post__meta-data\">\n\t\t\t\t\t<span class=\"elementor-post-author\">\n\t\t\tCosima Vogel\t\t<\/span>\n\t\t\t\t<span class=\"elementor-post-date\">\n\t\t\t31. Dezember 2025\t\t<\/span>\n\t\t\t\t<\/div>\n\t\t\t\t\t<\/div>\n\t\t<\/article>\n\t\t\t\t<article class=\"elementor-post elementor-grid-item post-5130 post type-post status-publish format-standard has-post-thumbnail hentry category-content-strategy\" role=\"listitem\">\n\t\t\t<div class=\"elementor-post__card\">\n\t\t\t\t<a class=\"elementor-post__thumbnail__link\" href=\"https:\/\/gaiseo.com\/de\/von-keywords-zu-semantischen-raeumen-die-content-strategie-revolution-die-gaiseo-fordert-2\/\" tabindex=\"-1\" ><div class=\"elementor-post__thumbnail\"><img decoding=\"async\" width=\"1825\" height=\"1027\" src=\"https:\/\/gaiseo.com\/wp-content\/uploads\/2025\/09\/id-71-dual-composition-showing-human-brain-and-ai.png\" class=\"attachment-full size-full wp-image-5345\" alt=\"\" srcset=\"https:\/\/gaiseo.com\/wp-content\/uploads\/2025\/09\/id-71-dual-composition-showing-human-brain-and-ai.png 1825w, https:\/\/gaiseo.com\/wp-content\/uploads\/2025\/09\/id-71-dual-composition-showing-human-brain-and-ai-300x169.png 300w, https:\/\/gaiseo.com\/wp-content\/uploads\/2025\/09\/id-71-dual-composition-showing-human-brain-and-ai-1024x576.png 1024w, https:\/\/gaiseo.com\/wp-content\/uploads\/2025\/09\/id-71-dual-composition-showing-human-brain-and-ai-768x432.png 768w, https:\/\/gaiseo.com\/wp-content\/uploads\/2025\/09\/id-71-dual-composition-showing-human-brain-and-ai-1536x864.png 1536w\" sizes=\"(max-width: 1825px) 100vw, 1825px\" \/><\/div><\/a>\n\t\t\t\t<div class=\"elementor-post__text\">\n\t\t\t\t<h4 class=\"elementor-post__title\">\n\t\t\t<a href=\"https:\/\/gaiseo.com\/de\/von-keywords-zu-semantischen-raeumen-die-content-strategie-revolution-die-gaiseo-fordert-2\/\" >\n\t\t\t\tVon Keywords zu semantischen R\u00e4umen: Die Content-Strategie-Revolution, die GAISEO fordert\t\t\t<\/a>\n\t\t<\/h4>\n\t\t\t\t<div class=\"elementor-post__excerpt\">\n\t\t\t<p>Das Ende des Keyword-zentrierten Contents Zwei Jahrzehnte lang bedeutete Content-Strategie Keyword-Strategie.<\/p>\n\t\t<\/div>\n\t\t\t\t<\/div>\n\t\t\t\t<div class=\"elementor-post__meta-data\">\n\t\t\t\t\t<span class=\"elementor-post-author\">\n\t\t\tCosima Vogel\t\t<\/span>\n\t\t\t\t<span class=\"elementor-post-date\">\n\t\t\t30. Dezember 2025\t\t<\/span>\n\t\t\t\t<\/div>\n\t\t\t\t\t<\/div>\n\t\t<\/article>\n\t\t\t\t<article class=\"elementor-post elementor-grid-item post-5132 post type-post status-publish format-standard has-post-thumbnail hentry category-content-strategy\" role=\"listitem\">\n\t\t\t<div class=\"elementor-post__card\">\n\t\t\t\t<a class=\"elementor-post__thumbnail__link\" href=\"https:\/\/gaiseo.com\/de\/warum-ein-glossar-deine-staerkste-waffe-fuer-ai-seo-ist\/\" tabindex=\"-1\" ><div class=\"elementor-post__thumbnail\"><img loading=\"lazy\" decoding=\"async\" width=\"1825\" height=\"1027\" src=\"https:\/\/gaiseo.com\/wp-content\/uploads\/2025\/09\/id-87-dynamic-real-time-data-streams-flowing-thro.png\" class=\"attachment-full size-full wp-image-5347\" alt=\"\" srcset=\"https:\/\/gaiseo.com\/wp-content\/uploads\/2025\/09\/id-87-dynamic-real-time-data-streams-flowing-thro.png 1825w, https:\/\/gaiseo.com\/wp-content\/uploads\/2025\/09\/id-87-dynamic-real-time-data-streams-flowing-thro-300x169.png 300w, https:\/\/gaiseo.com\/wp-content\/uploads\/2025\/09\/id-87-dynamic-real-time-data-streams-flowing-thro-1024x576.png 1024w, https:\/\/gaiseo.com\/wp-content\/uploads\/2025\/09\/id-87-dynamic-real-time-data-streams-flowing-thro-768x432.png 768w, https:\/\/gaiseo.com\/wp-content\/uploads\/2025\/09\/id-87-dynamic-real-time-data-streams-flowing-thro-1536x864.png 1536w\" sizes=\"(max-width: 1825px) 100vw, 1825px\" \/><\/div><\/a>\n\t\t\t\t<div class=\"elementor-post__text\">\n\t\t\t\t<h4 class=\"elementor-post__title\">\n\t\t\t<a href=\"https:\/\/gaiseo.com\/de\/warum-ein-glossar-deine-staerkste-waffe-fuer-ai-seo-ist\/\" >\n\t\t\t\tWarum ein Glossar deine st\u00e4rkste Waffe f\u00fcr AI-SEO ist\t\t\t<\/a>\n\t\t<\/h4>\n\t\t\t\t<div class=\"elementor-post__excerpt\">\n\t\t\t<p>Ein AI-SEO Glossar ist mehr als eine Begriffsliste. Es ist das Fundament f\u00fcr semantische Autorit\u00e4t. Lerne, wie du Entit\u00e4ten definierst und Rankings dominierst. <\/p>\n\t\t<\/div>\n\t\t\t\t<\/div>\n\t\t\t\t<div class=\"elementor-post__meta-data\">\n\t\t\t\t\t<span class=\"elementor-post-author\">\n\t\t\tCosima Vogel\t\t<\/span>\n\t\t\t\t<span class=\"elementor-post-date\">\n\t\t\t29. Dezember 2025\t\t<\/span>\n\t\t\t\t<\/div>\n\t\t\t\t\t<\/div>\n\t\t<\/article>\n\t\t\t\t<article class=\"elementor-post elementor-grid-item post-5134 post type-post status-publish format-standard has-post-thumbnail hentry category-ai-seo-trends\" role=\"listitem\">\n\t\t\t<div class=\"elementor-post__card\">\n\t\t\t\t<a class=\"elementor-post__thumbnail__link\" href=\"https:\/\/gaiseo.com\/de\/ersetzt-ki-seo-nein-aber-sie-verandert-das-jobprofil-radikal\/\" tabindex=\"-1\" ><div class=\"elementor-post__thumbnail\"><img loading=\"lazy\" decoding=\"async\" width=\"1617\" height=\"910\" src=\"https:\/\/gaiseo.com\/wp-content\/uploads\/2025\/12\/a-futuristic-office-setting-showing-a-human-silhou-1.webp\" class=\"attachment-full size-full wp-image-2494\" alt=\"Illustration of a person in an office with a network diagram connecting team members above.\" \/><\/div><\/a>\n\t\t\t\t<div class=\"elementor-post__text\">\n\t\t\t\t<h4 class=\"elementor-post__title\">\n\t\t\t<a href=\"https:\/\/gaiseo.com\/de\/ersetzt-ki-seo-nein-aber-sie-verandert-das-jobprofil-radikal\/\" >\n\t\t\t\tErsetzt KI SEO? Nein \u2013 aber sie ver\u00e4ndert das Jobprofil radikal\t\t\t<\/a>\n\t\t<\/h4>\n\t\t\t\t<div class=\"elementor-post__excerpt\">\n\t\t\t<p>Die Landschaft des digitalen Marketings durchl\u00e4uft ihre fundamentalste Transformation seit der Erfindung der Suchmaschine.<\/p>\n\t\t<\/div>\n\t\t\t\t<\/div>\n\t\t\t\t<div class=\"elementor-post__meta-data\">\n\t\t\t\t\t<span class=\"elementor-post-author\">\n\t\t\tCosima Vogel\t\t<\/span>\n\t\t\t\t<span class=\"elementor-post-date\">\n\t\t\t28. Dezember 2025\t\t<\/span>\n\t\t\t\t<\/div>\n\t\t\t\t\t<\/div>\n\t\t<\/article>\n\t\t\t\t<article class=\"elementor-post elementor-grid-item post-5136 post type-post status-publish format-standard has-post-thumbnail hentry category-ai-seo-trends\" role=\"listitem\">\n\t\t\t<div class=\"elementor-post__card\">\n\t\t\t\t<a class=\"elementor-post__thumbnail__link\" href=\"https:\/\/gaiseo.com\/de\/was-ist-ai-seo-und-warum-es-2025-entscheidend-ist\/\" tabindex=\"-1\" ><div class=\"elementor-post__thumbnail\"><img loading=\"lazy\" decoding=\"async\" width=\"1820\" height=\"910\" src=\"https:\/\/gaiseo.com\/wp-content\/uploads\/2025\/12\/what-is-ai-seo-and-why-it-matters-in-2025.webp\" class=\"attachment-full size-full wp-image-2473\" alt=\"Illustration of AI, SEO, and technology with text &#039;What is AI SEO and why it matters in 2025&#039;.\" \/><\/div><\/a>\n\t\t\t\t<div class=\"elementor-post__text\">\n\t\t\t\t<h4 class=\"elementor-post__title\">\n\t\t\t<a href=\"https:\/\/gaiseo.com\/de\/was-ist-ai-seo-und-warum-es-2025-entscheidend-ist\/\" >\n\t\t\t\tWas ist AI SEO und warum es 2025 entscheidend ist\t\t\t<\/a>\n\t\t<\/h4>\n\t\t\t\t<div class=\"elementor-post__excerpt\">\n\t\t\t<p>KI krempelt die Sichtbarkeit im Netz um \u2013 bist du bereit f\u00fcr die neuen Spielregeln?<\/p>\n\t\t<\/div>\n\t\t\t\t<\/div>\n\t\t\t\t<div class=\"elementor-post__meta-data\">\n\t\t\t\t\t<span class=\"elementor-post-author\">\n\t\t\tCosima Vogel\t\t<\/span>\n\t\t\t\t<span class=\"elementor-post-date\">\n\t\t\t27. Dezember 2025\t\t<\/span>\n\t\t\t\t<\/div>\n\t\t\t\t\t<\/div>\n\t\t<\/article>\n\t\t\t\t<article class=\"elementor-post elementor-grid-item post-5138 post type-post status-publish format-standard has-post-thumbnail hentry category-ai-seo-grundlagen\" role=\"listitem\">\n\t\t\t<div class=\"elementor-post__card\">\n\t\t\t\t<a class=\"elementor-post__thumbnail__link\" href=\"https:\/\/gaiseo.com\/de\/traditionelle-seo-vs-ai-seo-unterschiede-und-synergien\/\" tabindex=\"-1\" ><div class=\"elementor-post__thumbnail\"><img loading=\"lazy\" decoding=\"async\" width=\"1820\" height=\"910\" src=\"https:\/\/gaiseo.com\/wp-content\/uploads\/2025\/12\/ai-seo.webp\" class=\"attachment-full size-full wp-image-2472\" alt=\"Illustration of a robot head with the text &#039;AI SEO&#039; below, representing artificial intelligence in SEO.\" \/><\/div><\/a>\n\t\t\t\t<div class=\"elementor-post__text\">\n\t\t\t\t<h4 class=\"elementor-post__title\">\n\t\t\t<a href=\"https:\/\/gaiseo.com\/de\/traditionelle-seo-vs-ai-seo-unterschiede-und-synergien\/\" >\n\t\t\t\tTraditionelle SEO vs. AI SEO: Unterschiede und Synergien\t\t\t<\/a>\n\t\t<\/h4>\n\t\t\t\t<div class=\"elementor-post__excerpt\">\n\t\t\t<p>Klassisches SEO bringt Traffic, AI-SEO bringt Empfehlungen &#8211; zusammen wird daraus ein unfairer Vorteil.<\/p>\n\t\t<\/div>\n\t\t\t\t<\/div>\n\t\t\t\t<div class=\"elementor-post__meta-data\">\n\t\t\t\t\t<span class=\"elementor-post-author\">\n\t\t\tCosima Vogel\t\t<\/span>\n\t\t\t\t<span class=\"elementor-post-date\">\n\t\t\t26. Dezember 2025\t\t<\/span>\n\t\t\t\t<\/div>\n\t\t\t\t\t<\/div>\n\t\t<\/article>\n\t\t\t\t<\/div>\n\t\t\t\t\t<span class=\"e-load-more-spinner\">\n\t\t\t\t<svg aria-hidden=\"true\" class=\"e-font-icon-svg e-fas-spinner\" viewBox=\"0 0 512 512\" xmlns=\"http:\/\/www.w3.org\/2000\/svg\"><path d=\"M304 48c0 26.51-21.49 48-48 48s-48-21.49-48-48 21.49-48 48-48 48 21.49 48 48zm-48 368c-26.51 0-48 21.49-48 48s21.49 48 48 48 48-21.49 48-48-21.49-48-48-48zm208-208c-26.51 0-48 21.49-48 48s21.49 48 48 48 48-21.49 48-48-21.49-48-48-48zM96 256c0-26.51-21.49-48-48-48S0 229.49 0 256s21.49 48 48 48 48-21.49 48-48zm12.922 99.078c-26.51 0-48 21.49-48 48s21.49 48 48 48 48-21.49 48-48c0-26.509-21.491-48-48-48zm294.156 0c-26.51 0-48 21.49-48 48s21.49 48 48 48 48-21.49 48-48c0-26.509-21.49-48-48-48zM108.922 60.922c-26.51 0-48 21.49-48 48s21.49 48 48 48 48-21.49 48-48-21.491-48-48-48z\"><\/path><\/svg>\t\t\t<\/span>\n\t\t\n\t\t\t\t<div class=\"e-load-more-anchor\" data-page=\"1\" data-max-page=\"14\" data-next-page=\"https:\/\/gaiseo.com\/de\/wp-json\/wp\/v2\/pages\/2163\/page\/2\/\"><\/div>\n\t\t\t\t<div class=\"elementor-button-wrapper\">\n\t\t\t<a class=\"elementor-button elementor-size-sm\" role=\"button\">\n\t\t\t\t\t\t<span class=\"elementor-button-content-wrapper\">\n\t\t\t\t\t\t\t\t\t<span class=\"elementor-button-text\">Weiterlesen<\/span>\n\t\t\t\t\t<\/span>\n\t\t\t\t\t<\/a>\n\t\t<\/div>\n\t\t\t\t<div class=\"e-load-more-message\"><\/div>\n\t\t\t\t\t\t<\/div>\n\t\t\t\t<\/div>\n\t\t\t\t<\/div>\n\t\t\t\t<\/div>\n\t\t\t\t\t<\/div>\n\t\t\t\t<\/div>\n\t\t\t\t<\/div>\n\t\t","protected":false},"excerpt":{"rendered":"<p>Insights &amp; News The AI Search Playbook News, Guides und Analysen dar\u00fcber, wie LLMs Inhalte finden, bewerten und empfehlen. F\u00fcr Teams, die in ChatGPT, Gemini &amp; Co. sichtbar bleiben wollen.<\/p>\n","protected":false},"author":1,"featured_media":0,"parent":0,"menu_order":0,"comment_status":"closed","ping_status":"closed","template":"","meta":{"content-type":"","footnotes":""},"class_list":["post-2163","page","type-page","status-publish","hentry"],"_links":{"self":[{"href":"https:\/\/gaiseo.com\/de\/wp-json\/wp\/v2\/pages\/2163","targetHints":{"allow":["GET"]}}],"collection":[{"href":"https:\/\/gaiseo.com\/de\/wp-json\/wp\/v2\/pages"}],"about":[{"href":"https:\/\/gaiseo.com\/de\/wp-json\/wp\/v2\/types\/page"}],"author":[{"embeddable":true,"href":"https:\/\/gaiseo.com\/de\/wp-json\/wp\/v2\/users\/1"}],"replies":[{"embeddable":true,"href":"https:\/\/gaiseo.com\/de\/wp-json\/wp\/v2\/comments?post=2163"}],"version-history":[{"count":3,"href":"https:\/\/gaiseo.com\/de\/wp-json\/wp\/v2\/pages\/2163\/revisions"}],"predecessor-version":[{"id":2461,"href":"https:\/\/gaiseo.com\/de\/wp-json\/wp\/v2\/pages\/2163\/revisions\/2461"}],"wp:attachment":[{"href":"https:\/\/gaiseo.com\/de\/wp-json\/wp\/v2\/media?parent=2163"}],"curies":[{"name":"wp","href":"https:\/\/api.w.org\/{rel}","templated":true}]}}