{"id":1358,"date":"2025-06-25T13:41:04","date_gmt":"2025-06-25T12:41:04","guid":{"rendered":"https:\/\/gaiseo.com\/impressum\/"},"modified":"2025-10-15T08:50:45","modified_gmt":"2025-10-15T07:50:45","slug":"impressum","status":"publish","type":"page","link":"https:\/\/gaiseo.com\/de\/impressum\/","title":{"rendered":"Impressum"},"content":{"rendered":"\t\t<div data-elementor-type=\"wp-page\" data-elementor-id=\"1358\" class=\"elementor elementor-1358 elementor-37\" data-elementor-post-type=\"page\">\n\t\t\t\t<div class=\"elementor-element elementor-element-594ad41 e-flex e-con-boxed e-con e-parent\" data-id=\"594ad41\" data-element_type=\"container\" data-e-type=\"container\" data-settings=\"{&quot;background_background&quot;:&quot;classic&quot;}\">\n\t\t\t\t\t<div class=\"e-con-inner\">\n\t\t\t\t<div class=\"elementor-element elementor-element-ee64bb5 elementor-widget elementor-widget-spacer\" data-id=\"ee64bb5\" data-element_type=\"widget\" data-e-type=\"widget\" data-widget_type=\"spacer.default\">\n\t\t\t\t\t\t\t<div class=\"elementor-spacer\">\n\t\t\t<div class=\"elementor-spacer-inner\"><\/div>\n\t\t<\/div>\n\t\t\t\t\t\t<\/div>\n\t\t\t\t<div class=\"elementor-element elementor-element-e6e0ad3 elementor-widget elementor-widget-text-editor\" data-id=\"e6e0ad3\" data-element_type=\"widget\" data-e-type=\"widget\" data-widget_type=\"text-editor.default\">\n\t\t\t\t\t\t\t\t\t<h3 data-start=\"189\" data-end=\"226\"><strong data-start=\"196\" data-end=\"224\">Impressum <\/strong><\/h3>\n<p data-start=\"227\" data-end=\"288\">Angaben gem\u00e4\u00df \u00a7 5 TMG (Telemediengesetz)<\/p>\n<p data-start=\"290\" data-end=\"359\"><strong data-start=\"290\" data-end=\"312\">Productive AI GmbH<\/strong><br data-start=\"312\" data-end=\"315\">Ehrengutstra\u00dfe 18<br data-start=\"332\" data-end=\"335\">80469 M\u00fcnchen<br data-start=\"347\" data-end=\"350\">Deutschland<\/p>\n<p data-start=\"361\" data-end=\"417\"><strong data-start=\"379\" data-end=\"395\">Vertreten durch:<\/strong><br data-start=\"376\" data-end=\"379\">Cosima Vogel (Gesch\u00e4ftsf\u00fchrerin)<\/p>\n<p data-start=\"419\" data-end=\"534\">Kontakt<br data-start=\"427\" data-end=\"430\">E-Mail: <a class=\"\" href=\"mailto:contact@gaiseo.com\" rel=\"noopener\" data-start=\"437\" data-end=\"484\">contact@gaiseo.com<\/a><br data-start=\"484\" data-end=\"487\">Mobil: <a class=\"cursor-pointer\" rel=\"noopener\" data-start=\"494\" data-end=\"532\">+49 157 81776104<\/a><\/p>\n<p data-start=\"536\" data-end=\"660\">Handelsregister:<br data-start=\"556\" data-end=\"559\">Eintragung im: Amtsgericht M\u00fcnchen<br data-start=\"617\" data-end=\"620\">Registernummer: HRB 292796<\/p>\n<p data-start=\"662\" data-end=\"760\">Umsatzsteuer-ID:<br data-start=\"669\" data-end=\"672\">Umsatzsteuer-Identifikationsnummer gem\u00e4\u00df \u00a727 a Umsatzsteuergesetz (UStG): <strong data-start=\"745\" data-end=\"760\">DE369092915<\/strong><\/p>\n<p data-start=\"762\" data-end=\"1100\">Haftungsausschluss (Disclaimer)<br data-start=\"800\" data-end=\"803\"> <br>Haftung f\u00fcr Inhalte<br>Als Diensteanbieter sind wir gem\u00e4\u00df \u00a77 Abs. 1 TMG f\u00fcr eigene Inhalte auf diesen Seiten nach den allgemeinen Gesetzen verantwortlich. Nach \u00a7\u00a78 bis 10 TMG sind wir als Diensteanbieter jedoch nicht verpflichtet, \u00fcbermittelte oder gespeicherte fremde Informationen zu \u00fcberwachen oder nach Umst\u00e4nden zu forschen, die auf eine rechtswidrige T\u00e4tigkeit hinweisen.  <\/p>\n<p data-start=\"1102\" data-end=\"1423\"><strong data-start=\"1102\" data-end=\"1138\">Haftung f\u00fcr Links <\/strong><br data-start=\"1138\" data-end=\"1141\">Unser Angebot enth\u00e4lt Links zu externen Websites Dritter, auf deren Inhalte wir keinen Einfluss haben. Deshalb k\u00f6nnen wir f\u00fcr diese fremden Inhalte auch keine Gew\u00e4hr \u00fcbernehmen. F\u00fcr die Inhalte der verlinkten Seiten ist stets der jeweilige Anbieter oder Betreiber der Seiten verantwortlich.  <\/p>\t\t\t\t\t\t\t\t<\/div>\n\t\t\t\t\t<\/div>\n\t\t\t\t<\/div>\n\t\t\t\t<\/div>\n\t\t","protected":false},"excerpt":{"rendered":"<p>Impressum Angaben gem\u00e4\u00df \u00a7 5 TMG (Telemediengesetz) Productive AI GmbHEhrengutstra\u00dfe 1880469 M\u00fcnchenDeutschland Vertreten durch:Cosima Vogel (Gesch\u00e4ftsf\u00fchrerin) KontaktE-Mail: contact@gaiseo.comMobil: +49 157 81776104 Handelsregister:Eintragung im: Amtsgericht M\u00fcnchenRegisternummer: HRB 292796 Umsatzsteuer-ID:Umsatzsteuer-Identifikationsnummer gem\u00e4\u00df \u00a727 a Umsatzsteuergesetz (UStG): DE369092915 Haftungsausschluss (Disclaimer) Haftung f\u00fcr InhalteAls Diensteanbieter sind wir gem\u00e4\u00df \u00a77 Abs. 1 TMG f\u00fcr eigene Inhalte auf diesen Seiten nach den [&hellip;]<\/p>\n","protected":false},"author":1,"featured_media":0,"parent":0,"menu_order":0,"comment_status":"closed","ping_status":"closed","template":"","meta":{"content-type":"","footnotes":""},"class_list":["post-1358","page","type-page","status-publish","hentry"],"_links":{"self":[{"href":"https:\/\/gaiseo.com\/de\/wp-json\/wp\/v2\/pages\/1358","targetHints":{"allow":["GET"]}}],"collection":[{"href":"https:\/\/gaiseo.com\/de\/wp-json\/wp\/v2\/pages"}],"about":[{"href":"https:\/\/gaiseo.com\/de\/wp-json\/wp\/v2\/types\/page"}],"author":[{"embeddable":true,"href":"https:\/\/gaiseo.com\/de\/wp-json\/wp\/v2\/users\/1"}],"replies":[{"embeddable":true,"href":"https:\/\/gaiseo.com\/de\/wp-json\/wp\/v2\/comments?post=1358"}],"version-history":[{"count":1,"href":"https:\/\/gaiseo.com\/de\/wp-json\/wp\/v2\/pages\/1358\/revisions"}],"predecessor-version":[{"id":1359,"href":"https:\/\/gaiseo.com\/de\/wp-json\/wp\/v2\/pages\/1358\/revisions\/1359"}],"wp:attachment":[{"href":"https:\/\/gaiseo.com\/de\/wp-json\/wp\/v2\/media?parent=1358"}],"curies":[{"name":"wp","href":"https:\/\/api.w.org\/{rel}","templated":true}]}}